{"id":235,"date":"2025-04-29T12:30:24","date_gmt":"2025-04-29T10:30:24","guid":{"rendered":"https:\/\/kunited-events.com\/?page_id=235"},"modified":"2026-01-20T16:42:51","modified_gmt":"2026-01-20T15:42:51","slug":"season-events","status":"publish","type":"page","link":"https:\/\/kunited-events.com\/?page_id=235","title":{"rendered":"Season Events"},"content":{"rendered":"\n<div class=\"wp-block-cover alignwide\" style=\"min-height:339px;aspect-ratio:unset;\"><img loading=\"lazy\" decoding=\"async\" width=\"1024\" height=\"768\" class=\"wp-block-cover__image-background wp-image-236 size-large\" alt=\"\" src=\"https:\/\/kunited-events.com\/wp-content\/uploads\/2025\/04\/20231005_175649-1024x768.jpg\" data-object-fit=\"cover\" srcset=\"https:\/\/kunited-events.com\/wp-content\/uploads\/2025\/04\/20231005_175649-1024x768.jpg 1024w, https:\/\/kunited-events.com\/wp-content\/uploads\/2025\/04\/20231005_175649-scaled-600x450.jpg 600w, https:\/\/kunited-events.com\/wp-content\/uploads\/2025\/04\/20231005_175649-300x225.jpg 300w, https:\/\/kunited-events.com\/wp-content\/uploads\/2025\/04\/20231005_175649-768x576.jpg 768w, https:\/\/kunited-events.com\/wp-content\/uploads\/2025\/04\/20231005_175649-1536x1152.jpg 1536w, https:\/\/kunited-events.com\/wp-content\/uploads\/2025\/04\/20231005_175649-2048x1536.jpg 2048w, https:\/\/kunited-events.com\/wp-content\/uploads\/2025\/04\/20231005_175649-1320x990.jpg 1320w\" sizes=\"auto, (max-width: 1024px) 100vw, 1024px\" \/><span aria-hidden=\"true\" class=\"wp-block-cover__background has-accent-6-background-color has-background-dim\"><\/span><div class=\"wp-block-cover__inner-container has-global-padding is-layout-constrained wp-block-cover-is-layout-constrained\">\n<p class=\"has-text-align-center has-xx-large-font-size\"><strong>Season Events<\/strong><\/p>\n<\/div><\/div>\n\n\n\n<p class=\"has-medium-font-size\">Diese Events finden zu besonderen Zeiten wie Valentins Tag, Ostern, Chuseok u.a. statt, oder sind thematisch einer Jahreszeit zuzuordnen.<\/p>\n\n\n\n<p class=\"has-medium-font-size\">Die Season Events haben immer einen besonderen Flair und sind gr\u00f6\u00dfer als Veranstaltungen die h\u00e4ufiger organisiert werden, wie das Fan Caf\u00e9.<\/p>\n\n\n\n<p class=\"has-medium-font-size\">Wir werden derlei Events hier und dort unvorhersehbar einstreuen, also schaut hier oder auf unseren Social Media Kan\u00e4len vorbei, um sie nicht zu verpassen.<\/p>\n\n\n\n<p><\/p>\n\n\n\n<p class=\"has-text-align-center\"><strong>Hier geht es zum Eventkalender.<\/strong><\/p>\n\n\n\n<div class=\"wp-block-buttons is-content-justification-center is-layout-flex wp-container-core-buttons-is-layout-a89b3969 wp-block-buttons-is-layout-flex\">\n<div class=\"wp-block-button\"><a class=\"wp-block-button__link has-custom-color-2-background-color has-background wp-element-button\" href=\"https:\/\/kunited-events.com\/?post_type=tribe_events&amp;eventDisplay=month\"><strong>Eventkalender<\/strong><\/a><\/div>\n<\/div>\n\n\n\n<p><\/p>\n\n\n\n<p class=\"has-text-align-center\"><strong>Hier bekommt ihr Tickets f\u00fcr unsere Events.<\/strong><\/p>\n\n\n\n<div class=\"wp-block-buttons is-content-justification-center is-layout-flex wp-container-core-buttons-is-layout-a89b3969 wp-block-buttons-is-layout-flex\">\n<div class=\"wp-block-button\"><a class=\"wp-block-button__link has-custom-color-5-background-color has-background wp-element-button\" href=\"https:\/\/www.eventim-light.com\/de\/a\/67a5df1087e7045a46f653ca\"><strong>Eventim Shop<\/strong><\/a><\/div>\n\n\n\n<div class=\"wp-block-button\"><a class=\"wp-block-button__link has-contrast-color has-custom-color-6-background-color has-text-color has-background has-link-color wp-element-button\" href=\"https:\/\/kunited-events.com\/?post_type=product\"><strong>KuniteD Shop<\/strong><\/a><\/div>\n<\/div>\n\n\n\n<p><\/p>\n\n\n\n<p>Und hier k\u00f6nnt ihr all unsere vergangenen Events sehen, wie auch das Season Event &#8211; Winter Special.<\/p>\n\n\n\n<div class=\"wp-block-buttons is-content-justification-center is-layout-flex wp-container-core-buttons-is-layout-a89b3969 wp-block-buttons-is-layout-flex\">\n<div class=\"wp-block-button\"><a class=\"wp-block-button__link has-contrast-color has-custom-color-3-background-color has-text-color has-background has-link-color wp-element-button\" href=\"https:\/\/kunited-events.com\/?page_id=300\"><strong>Past Events<\/strong><\/a><\/div>\n<\/div>\n","protected":false},"excerpt":{"rendered":"<p>Diese Events finden zu besonderen Zeiten wie Valentins Tag, Ostern, Chuseok u.a. statt, oder sind thematisch einer Jahreszeit zuzuordnen. Die Season Events haben immer einen besonderen Flair und sind gr\u00f6\u00dfer [&hellip;]<\/p>\n","protected":false},"author":1,"featured_media":0,"parent":0,"menu_order":0,"comment_status":"closed","ping_status":"closed","template":"page-no-title","meta":{"_price":"","_stock":"","_tribe_ticket_header":"","_tribe_default_ticket_provider":"","_tribe_ticket_capacity":"0","_ticket_start_date":"","_ticket_end_date":"","_tribe_ticket_show_description":"","_tribe_ticket_show_not_going":false,"_tribe_ticket_use_global_stock":"","_tribe_ticket_global_stock_level":"","_global_stock_mode":"","_global_stock_cap":"","_tribe_rsvp_for_event":"","_tribe_ticket_going_count":"","_tribe_ticket_not_going_count":"","_tribe_tickets_list":"[]","_tribe_ticket_has_attendee_info_fields":false,"_EventAllDay":false,"_EventTimezone":"","_EventStartDate":"","_EventEndDate":"","_EventStartDateUTC":"","_EventEndDateUTC":"","_EventShowMap":false,"_EventShowMapLink":false,"_EventURL":"","_EventCost":"","_EventCostDescription":"","_EventCurrencySymbol":"","_EventCurrencyCode":"","_EventCurrencyPosition":"","_EventDateTimeSeparator":"","_EventTimeRangeSeparator":"","_EventOrganizerID":[],"_EventVenueID":[],"_OrganizerEmail":"","_OrganizerPhone":"","_OrganizerWebsite":"","_VenueAddress":"","_VenueCity":"","_VenueCountry":"","_VenueProvince":"","_VenueState":"","_VenueZip":"","_VenuePhone":"","_VenueURL":"","_VenueStateProvince":"","_VenueLat":"","_VenueLng":"","_VenueShowMap":false,"_VenueShowMapLink":false,"footnotes":"","_tec_slr_enabled":"","_tec_slr_layout":""},"class_list":["post-235","page","type-page","status-publish","hentry"],"jetpack_sharing_enabled":true,"ticketed":false,"_links":{"self":[{"href":"https:\/\/kunited-events.com\/index.php?rest_route=\/wp\/v2\/pages\/235","targetHints":{"allow":["GET"]}}],"collection":[{"href":"https:\/\/kunited-events.com\/index.php?rest_route=\/wp\/v2\/pages"}],"about":[{"href":"https:\/\/kunited-events.com\/index.php?rest_route=\/wp\/v2\/types\/page"}],"author":[{"embeddable":true,"href":"https:\/\/kunited-events.com\/index.php?rest_route=\/wp\/v2\/users\/1"}],"replies":[{"embeddable":true,"href":"https:\/\/kunited-events.com\/index.php?rest_route=%2Fwp%2Fv2%2Fcomments&post=235"}],"version-history":[{"count":4,"href":"https:\/\/kunited-events.com\/index.php?rest_route=\/wp\/v2\/pages\/235\/revisions"}],"predecessor-version":[{"id":797,"href":"https:\/\/kunited-events.com\/index.php?rest_route=\/wp\/v2\/pages\/235\/revisions\/797"}],"wp:attachment":[{"href":"https:\/\/kunited-events.com\/index.php?rest_route=%2Fwp%2Fv2%2Fmedia&parent=235"}],"curies":[{"name":"wp","href":"https:\/\/api.w.org\/{rel}","templated":true}]}}