{"id":181,"date":"2025-04-29T12:25:39","date_gmt":"2025-04-29T10:25:39","guid":{"rendered":"https:\/\/kunited-events.com\/?page_id=181"},"modified":"2026-01-20T16:41:12","modified_gmt":"2026-01-20T15:41:12","slug":"hamburg","status":"publish","type":"page","link":"https:\/\/kunited-events.com\/?page_id=181","title":{"rendered":"Fan Caf\u00e9  Hamburg"},"content":{"rendered":"\n<div class=\"wp-block-cover alignwide\" style=\"min-height:291px;aspect-ratio:unset;\"><img loading=\"lazy\" decoding=\"async\" width=\"1024\" height=\"768\" class=\"wp-block-cover__image-background wp-image-182 size-large\" alt=\"\" src=\"https:\/\/kunited-events.com\/wp-content\/uploads\/2025\/04\/pexels-christian-richert-1308318-2506904-1024x768.jpg\" data-object-fit=\"cover\" srcset=\"https:\/\/kunited-events.com\/wp-content\/uploads\/2025\/04\/pexels-christian-richert-1308318-2506904-1024x768.jpg 1024w, https:\/\/kunited-events.com\/wp-content\/uploads\/2025\/04\/pexels-christian-richert-1308318-2506904-scaled-600x450.jpg 600w, https:\/\/kunited-events.com\/wp-content\/uploads\/2025\/04\/pexels-christian-richert-1308318-2506904-300x225.jpg 300w, https:\/\/kunited-events.com\/wp-content\/uploads\/2025\/04\/pexels-christian-richert-1308318-2506904-768x576.jpg 768w, https:\/\/kunited-events.com\/wp-content\/uploads\/2025\/04\/pexels-christian-richert-1308318-2506904-1536x1152.jpg 1536w, https:\/\/kunited-events.com\/wp-content\/uploads\/2025\/04\/pexels-christian-richert-1308318-2506904-2048x1536.jpg 2048w, https:\/\/kunited-events.com\/wp-content\/uploads\/2025\/04\/pexels-christian-richert-1308318-2506904-1320x990.jpg 1320w\" sizes=\"auto, (max-width: 1024px) 100vw, 1024px\" \/><span aria-hidden=\"true\" class=\"wp-block-cover__background has-contrast-background-color has-background-dim\"><\/span><div class=\"wp-block-cover__inner-container has-global-padding is-layout-constrained wp-block-cover-is-layout-constrained\">\n<p class=\"has-text-align-center has-xx-large-font-size\"><strong>K-Drama Fan Caf\u00e9 <\/strong><\/p>\n\n\n\n<p class=\"has-text-align-center has-xx-large-font-size\"><strong>Hamburg<\/strong><\/p>\n<\/div><\/div>\n\n\n\n<p class=\"has-text-align-center has-medium-font-size\">Wie fast jedes kleine Fan Caf\u00e9 findet auch das in Hamburg in einem koreanischen Caf\u00e9 oder Restaurant statt.<\/p>\n\n\n\n<div class=\"wp-block-media-text alignwide is-stacked-on-mobile\" style=\"grid-template-columns:31% auto\"><figure class=\"wp-block-media-text__media\"><img loading=\"lazy\" decoding=\"async\" width=\"768\" height=\"1024\" src=\"https:\/\/kunited-events.com\/wp-content\/uploads\/2025\/09\/image2-768x1024.jpeg\" alt=\"Cafe BiBimBox von innen mit Blumen und wei\u00df+hellholz interior\" class=\"wp-image-483 size-full\" srcset=\"https:\/\/kunited-events.com\/wp-content\/uploads\/2025\/09\/image2-768x1024.jpeg 768w, https:\/\/kunited-events.com\/wp-content\/uploads\/2025\/09\/image2-600x800.jpeg 600w, https:\/\/kunited-events.com\/wp-content\/uploads\/2025\/09\/image2-225x300.jpeg 225w, https:\/\/kunited-events.com\/wp-content\/uploads\/2025\/09\/image2-1152x1536.jpeg 1152w, https:\/\/kunited-events.com\/wp-content\/uploads\/2025\/09\/image2-1536x2048.jpeg 1536w, https:\/\/kunited-events.com\/wp-content\/uploads\/2025\/09\/image2.jpeg 1647w\" sizes=\"auto, (max-width: 768px) 100vw, 768px\" \/><\/figure><div class=\"wp-block-media-text__content\">\n<p class=\"has-text-align-center is-style-text-display has-x-large-font-size is-style-text-display--1\"><strong>Willkommen <\/strong><\/p>\n\n\n\n<p class=\"has-text-align-center is-style-text-display has-medium-font-size is-style-text-display--2\">in der neuen Location unseres K-Drama Fan Caf\u00e9.<\/p>\n\n\n\n<p class=\"has-text-align-center is-style-text-display has-x-large-font-size is-style-text-display--3\"><strong>Caf\u00e9 BiBimBox<\/strong><\/p>\n\n\n\n<p class=\"has-text-align-center is-style-text-display has-medium-font-size is-style-text-display--4\">Hellkamp 70<\/p>\n\n\n\n<p class=\"has-text-align-center is-style-text-display has-medium-font-size is-style-text-display--5\">20255 Hamburg<\/p>\n\n\n\n<p class=\"has-text-align-center is-style-text-display has-medium-font-size is-style-text-display--6\">Germany<\/p>\n<\/div><\/div>\n\n\n\n<div class=\"wp-block-media-text alignwide has-media-on-the-right is-stacked-on-mobile\" style=\"grid-template-columns:auto 32%\"><div class=\"wp-block-media-text__content\">\n<p class=\"has-text-align-center has-medium-font-size\">Wer ein bisschen Korea in Deutschland erleben will, sollte dieses koreanische Caf\u00e9 Hamburgs nicht missen.<\/p>\n\n\n\n<p class=\"has-text-align-center\">Hier bekommt man nicht nur leckeren Kuchen, sondern am Wochenende auch hausgemachtes Fr\u00fchst\u00fcck. <\/p>\n\n\n\n<p class=\"has-text-align-center\">Genie\u00dft euer koreanisches Fr\u00fchst\u00fcck doch einfach im Caf\u00e9 BiBimBox.<\/p>\n<\/div><figure class=\"wp-block-media-text__media\"><img loading=\"lazy\" decoding=\"async\" width=\"1024\" height=\"903\" src=\"https:\/\/kunited-events.com\/wp-content\/uploads\/2025\/09\/image1-1024x903.jpeg\" alt=\"Koreanisches Fr\u00fchst\u00fcck\" class=\"wp-image-482 size-full\" srcset=\"https:\/\/kunited-events.com\/wp-content\/uploads\/2025\/09\/image1-1024x903.jpeg 1024w, https:\/\/kunited-events.com\/wp-content\/uploads\/2025\/09\/image1-scaled-600x529.jpeg 600w, https:\/\/kunited-events.com\/wp-content\/uploads\/2025\/09\/image1-300x265.jpeg 300w, https:\/\/kunited-events.com\/wp-content\/uploads\/2025\/09\/image1-768x677.jpeg 768w, https:\/\/kunited-events.com\/wp-content\/uploads\/2025\/09\/image1-1536x1355.jpeg 1536w, https:\/\/kunited-events.com\/wp-content\/uploads\/2025\/09\/image1-2048x1806.jpeg 2048w\" sizes=\"auto, (max-width: 1024px) 100vw, 1024px\" \/><\/figure><\/div>\n\n\n\n<div class=\"wp-block-media-text alignwide is-stacked-on-mobile\" style=\"grid-template-columns:28% auto\"><figure class=\"wp-block-media-text__media\"><img loading=\"lazy\" decoding=\"async\" width=\"916\" height=\"1024\" src=\"https:\/\/kunited-events.com\/wp-content\/uploads\/2025\/09\/image13-scaled-e1756833823607-916x1024.jpeg\" alt=\"Matcha Caffee Kuchen\" class=\"wp-image-484 size-full\" srcset=\"https:\/\/kunited-events.com\/wp-content\/uploads\/2025\/09\/image13-scaled-e1756833823607-916x1024.jpeg 916w, https:\/\/kunited-events.com\/wp-content\/uploads\/2025\/09\/image13-scaled-e1756833823607-600x671.jpeg 600w, https:\/\/kunited-events.com\/wp-content\/uploads\/2025\/09\/image13-scaled-e1756833823607-268x300.jpeg 268w, https:\/\/kunited-events.com\/wp-content\/uploads\/2025\/09\/image13-scaled-e1756833823607-768x858.jpeg 768w, https:\/\/kunited-events.com\/wp-content\/uploads\/2025\/09\/image13-scaled-e1756833823607-1374x1536.jpeg 1374w, https:\/\/kunited-events.com\/wp-content\/uploads\/2025\/09\/image13-scaled-e1756833823607-1832x2048.jpeg 1832w, https:\/\/kunited-events.com\/wp-content\/uploads\/2025\/09\/image13-scaled-e1756833823607.jpeg 1920w\" sizes=\"auto, (max-width: 916px) 100vw, 916px\" \/><\/figure><div class=\"wp-block-media-text__content\">\n<p class=\"has-text-align-center has-medium-font-size\">Selbst verst\u00e4ndlich gibt es in dem Caf\u00e9 auch etwas s\u00fc\u00dfe Gaumenfreude. Neben Caf\u00e9, besonderen Latte-Sorten, Matcha und mehr bekommt ihr immer eine Auswahl leckerer Kuchen.<\/p>\n\n\n\n<p class=\"has-text-align-center has-medium-font-size\">Ihr habt noch Lust auf einen deftigen Snack, probiert doch einmal das BiBimBap, KimBap oder den Eggdrop des Caf\u00e9s.<\/p>\n\n\n\n<p class=\"has-text-align-center has-medium-font-size\">Die Auswahl ist gro\u00df und es ist sicher f\u00fcr jeden etwas dabei.<\/p>\n<\/div><\/div>\n\n\n\n<div class=\"wp-block-media-text alignwide has-media-on-the-right is-stacked-on-mobile\" style=\"grid-template-columns:auto 38%\"><div class=\"wp-block-media-text__content\">\n<p class=\"has-text-align-center has-medium-font-size\">Bei dem gem\u00fctlichem Ambiente des Caf\u00e9s schlemmt es sich zudem besonders gut. Weiche Kissen und sanfte Beleuchtung laden wirklich zum Verweilen ein.<\/p>\n\n\n\n<p class=\"has-text-align-center has-medium-font-size\">Schaut daher auch gerne neben unseren Events einmal vorbei.<\/p>\n\n\n\n<p class=\"has-text-align-center has-medium-font-size\"><strong>\u00d6ffnungszeiten<\/strong><\/p>\n\n\n\n<p class=\"has-text-align-center has-medium-font-size\">Mittwoch &#8211; Freitag<\/p>\n\n\n\n<p class=\"has-text-align-center has-medium-font-size\">9.30 &#8211; 19.00 Uhr<\/p>\n\n\n\n<p class=\"has-text-align-center has-medium-font-size\">Samstag + Sonntag<\/p>\n\n\n\n<p class=\"has-text-align-center\">10.00 &#8211; 19.00 Uhr<\/p>\n\n\n\n<p class=\"has-text-align-center\">Montag + Dienstag geschlossen.<\/p>\n<\/div><figure class=\"wp-block-media-text__media\"><img loading=\"lazy\" decoding=\"async\" width=\"768\" height=\"1024\" src=\"https:\/\/kunited-events.com\/wp-content\/uploads\/2025\/09\/image4-1-768x1024.jpeg\" alt=\"cafe bibimbox von innen mit sanfter beleuchtung und wei\u00df-hellholz interior\" class=\"wp-image-485 size-full\" srcset=\"https:\/\/kunited-events.com\/wp-content\/uploads\/2025\/09\/image4-1-768x1024.jpeg 768w, https:\/\/kunited-events.com\/wp-content\/uploads\/2025\/09\/image4-1-scaled-600x800.jpeg 600w, https:\/\/kunited-events.com\/wp-content\/uploads\/2025\/09\/image4-1-225x300.jpeg 225w, https:\/\/kunited-events.com\/wp-content\/uploads\/2025\/09\/image4-1-1152x1536.jpeg 1152w, https:\/\/kunited-events.com\/wp-content\/uploads\/2025\/09\/image4-1-1536x2048.jpeg 1536w, https:\/\/kunited-events.com\/wp-content\/uploads\/2025\/09\/image4-1-scaled.jpeg 1920w\" sizes=\"auto, (max-width: 768px) 100vw, 768px\" \/><\/figure><\/div>\n\n\n\n<p class=\"has-text-align-center has-medium-font-size\">Verpasst nicht unser n\u00e4chstes K-Drama Fan Caf\u00e9 im Caf\u00e9 BiBimBox.<\/p>\n\n\n\n<p class=\"has-small-font-size\"><\/p>\n\n\n\n<p class=\"has-text-align-center\"><strong>Hier geht es zum Eventkalender.<\/strong><\/p>\n\n\n\n<div class=\"wp-block-buttons is-content-justification-center is-layout-flex wp-container-core-buttons-is-layout-a89b3969 wp-block-buttons-is-layout-flex\">\n<div class=\"wp-block-button\"><a class=\"wp-block-button__link has-custom-color-2-background-color has-background wp-element-button\" href=\"https:\/\/kunited-events.com\/?post_type=tribe_events&amp;eventDisplay=month\"><strong>Eventkalender<\/strong><\/a><\/div>\n<\/div>\n\n\n\n<p class=\"has-small-font-size\"><\/p>\n\n\n\n<p class=\"has-text-align-center\"><strong>Hier bekommt ihr Tickets f\u00fcr unsere Events.<\/strong><\/p>\n\n\n\n<div class=\"wp-block-buttons is-content-justification-center is-layout-flex wp-container-core-buttons-is-layout-a89b3969 wp-block-buttons-is-layout-flex\">\n<div class=\"wp-block-button\"><a class=\"wp-block-button__link has-custom-color-5-background-color has-background wp-element-button\" href=\"https:\/\/www.eventim-light.com\/de\/a\/67a5df1087e7045a46f653ca\"><strong>Eventim Shop<\/strong><\/a><\/div>\n\n\n\n<div class=\"wp-block-button\"><a class=\"wp-block-button__link has-contrast-color has-custom-color-6-background-color has-text-color has-background has-link-color wp-element-button\" href=\"https:\/\/kunited-events.com\/?post_type=product\"><strong>KuniteD Shop<\/strong><\/a><\/div>\n<\/div>\n","protected":false},"excerpt":{"rendered":"<p>Wie fast jedes kleine Fan Caf\u00e9 findet auch das in Hamburg in einem koreanischen Caf\u00e9 oder Restaurant statt. Willkommen in der neuen Location unseres K-Drama Fan Caf\u00e9. Caf\u00e9 BiBimBox Hellkamp [&hellip;]<\/p>\n","protected":false},"author":1,"featured_media":0,"parent":178,"menu_order":1,"comment_status":"closed","ping_status":"closed","template":"page-no-title","meta":{"_price":"","_stock":"","_tribe_ticket_header":"","_tribe_default_ticket_provider":"","_tribe_ticket_capacity":"0","_ticket_start_date":"","_ticket_end_date":"","_tribe_ticket_show_description":"","_tribe_ticket_show_not_going":false,"_tribe_ticket_use_global_stock":"","_tribe_ticket_global_stock_level":"","_global_stock_mode":"","_global_stock_cap":"","_tribe_rsvp_for_event":"","_tribe_ticket_going_count":"","_tribe_ticket_not_going_count":"","_tribe_tickets_list":"[]","_tribe_ticket_has_attendee_info_fields":false,"_EventAllDay":false,"_EventTimezone":"","_EventStartDate":"","_EventEndDate":"","_EventStartDateUTC":"","_EventEndDateUTC":"","_EventShowMap":false,"_EventShowMapLink":false,"_EventURL":"","_EventCost":"","_EventCostDescription":"","_EventCurrencySymbol":"","_EventCurrencyCode":"","_EventCurrencyPosition":"","_EventDateTimeSeparator":"","_EventTimeRangeSeparator":"","_EventOrganizerID":[],"_EventVenueID":[],"_OrganizerEmail":"","_OrganizerPhone":"","_OrganizerWebsite":"","_VenueAddress":"","_VenueCity":"","_VenueCountry":"","_VenueProvince":"","_VenueState":"","_VenueZip":"","_VenuePhone":"","_VenueURL":"","_VenueStateProvince":"","_VenueLat":"","_VenueLng":"","_VenueShowMap":false,"_VenueShowMapLink":false,"footnotes":"","_tec_slr_enabled":"","_tec_slr_layout":""},"class_list":["post-181","page","type-page","status-publish","hentry"],"jetpack_sharing_enabled":true,"ticketed":false,"_links":{"self":[{"href":"https:\/\/kunited-events.com\/index.php?rest_route=\/wp\/v2\/pages\/181","targetHints":{"allow":["GET"]}}],"collection":[{"href":"https:\/\/kunited-events.com\/index.php?rest_route=\/wp\/v2\/pages"}],"about":[{"href":"https:\/\/kunited-events.com\/index.php?rest_route=\/wp\/v2\/types\/page"}],"author":[{"embeddable":true,"href":"https:\/\/kunited-events.com\/index.php?rest_route=\/wp\/v2\/users\/1"}],"replies":[{"embeddable":true,"href":"https:\/\/kunited-events.com\/index.php?rest_route=%2Fwp%2Fv2%2Fcomments&post=181"}],"version-history":[{"count":9,"href":"https:\/\/kunited-events.com\/index.php?rest_route=\/wp\/v2\/pages\/181\/revisions"}],"predecessor-version":[{"id":789,"href":"https:\/\/kunited-events.com\/index.php?rest_route=\/wp\/v2\/pages\/181\/revisions\/789"}],"up":[{"embeddable":true,"href":"https:\/\/kunited-events.com\/index.php?rest_route=\/wp\/v2\/pages\/178"}],"wp:attachment":[{"href":"https:\/\/kunited-events.com\/index.php?rest_route=%2Fwp%2Fv2%2Fmedia&parent=181"}],"curies":[{"name":"wp","href":"https:\/\/api.w.org\/{rel}","templated":true}]}}