{"id":178,"date":"2025-04-29T12:23:39","date_gmt":"2025-04-29T10:23:39","guid":{"rendered":"https:\/\/kunited-events.com\/?page_id=178"},"modified":"2026-01-20T16:40:50","modified_gmt":"2026-01-20T15:40:50","slug":"fancafe","status":"publish","type":"page","link":"https:\/\/kunited-events.com\/?page_id=178","title":{"rendered":"Fancafe"},"content":{"rendered":"\n<div class=\"wp-block-cover alignwide is-light\" style=\"min-height:311px;aspect-ratio:unset;\"><img loading=\"lazy\" decoding=\"async\" width=\"684\" height=\"1024\" class=\"wp-block-cover__image-background wp-image-179 size-large\" alt=\"\" src=\"https:\/\/kunited-events.com\/wp-content\/uploads\/2025\/04\/pexels-chevanon-302896-684x1024.jpg\" data-object-fit=\"cover\" srcset=\"https:\/\/kunited-events.com\/wp-content\/uploads\/2025\/04\/pexels-chevanon-302896-684x1024.jpg 684w, https:\/\/kunited-events.com\/wp-content\/uploads\/2025\/04\/pexels-chevanon-302896-scaled-600x899.jpg 600w, https:\/\/kunited-events.com\/wp-content\/uploads\/2025\/04\/pexels-chevanon-302896-200x300.jpg 200w, https:\/\/kunited-events.com\/wp-content\/uploads\/2025\/04\/pexels-chevanon-302896-768x1150.jpg 768w, https:\/\/kunited-events.com\/wp-content\/uploads\/2025\/04\/pexels-chevanon-302896-1025x1536.jpg 1025w, https:\/\/kunited-events.com\/wp-content\/uploads\/2025\/04\/pexels-chevanon-302896-1367x2048.jpg 1367w, https:\/\/kunited-events.com\/wp-content\/uploads\/2025\/04\/pexels-chevanon-302896-1320x1977.jpg 1320w, https:\/\/kunited-events.com\/wp-content\/uploads\/2025\/04\/pexels-chevanon-302896-scaled.jpg 1709w\" sizes=\"auto, (max-width: 684px) 100vw, 684px\" \/><span aria-hidden=\"true\" class=\"wp-block-cover__background has-base-background-color has-background-dim\"><\/span><div class=\"wp-block-cover__inner-container has-global-padding is-layout-constrained wp-block-cover-is-layout-constrained\">\n<p class=\"has-text-align-center has-xx-large-font-size\"><strong>K-Drama Fan Caf\u00e9<\/strong><\/p>\n<\/div><\/div>\n\n\n\n<p class=\"has-medium-font-size\">Ein Fan Caf\u00e9 ist ein Treffen f\u00fcr Fans, bei uns speziell von K-Drama Fans.<\/p>\n\n\n\n<p class=\"has-medium-font-size\">Jedes Event hat hierbei ein Thema, nach welchem es gestrickt ist.<\/p>\n\n\n\n<p class=\"has-medium-font-size\">Auf dem K-Drama Fan Caf\u00e9 wird die M\u00f6glichkeit geboten sich beim K-Drama-Talk auszutauschen.<br>Es gibt ein Gewinnspiel und die M\u00f6glichkeit bei unserem Social Media Event teilzunehmen.<br>Zudem wird immer mindestens eine Aktivit\u00e4t wie Spiele, eine Foto Station oder \u00e4hnliches angeboten.<\/p>\n\n\n\n<p class=\"has-medium-font-size\">Dieses Event gibt es in 2 Gr\u00f6\u00dfen. Als kleines Fan Caf\u00e9 mit bis zu 20 Personen oder als BIG mit bis zu 100 Personen.<\/p>\n\n\n\n<p><\/p>\n\n\n\n<p class=\"has-text-align-center\"><strong>Hier gibt es mehr zu unseren Fan Caf\u00e9s.<\/strong><\/p>\n\n\n\n<div class=\"wp-block-group is-layout-grid wp-container-core-group-is-layout-478b6e6b wp-block-group-is-layout-grid\">\n<div class=\"wp-block-buttons is-content-justification-center is-layout-flex wp-container-core-buttons-is-layout-a89b3969 wp-block-buttons-is-layout-flex\">\n<div class=\"wp-block-button\"><a class=\"wp-block-button__link has-custom-color-8-background-color has-background wp-element-button\" href=\"https:\/\/kunited-events.com\/?page_id=191\"><strong>Fan Caf\u00e9 Hamburg<\/strong><\/a><\/div>\n<\/div>\n\n\n\n<div class=\"wp-block-buttons is-layout-flex wp-block-buttons-is-layout-flex\">\n<div class=\"wp-block-button\"><a class=\"wp-block-button__link has-custom-color-3-background-color has-background wp-element-button\" href=\"https:\/\/kunited-events.com\/eventmain\/fancafe\/fancafe-berlin\"><strong>Fan Caf\u00e9      Berlin<\/strong><\/a><\/div>\n<\/div>\n\n\n\n<div class=\"wp-block-buttons is-layout-flex wp-block-buttons-is-layout-flex\">\n<div class=\"wp-block-button\"><a class=\"wp-block-button__link has-contrast-color has-accent-1-background-color has-text-color has-background has-link-color wp-element-button\"><strong>Fan Caf\u00e9 Frankfurt<\/strong> (TBA)<\/a><\/div>\n<\/div>\n<\/div>\n\n\n\n<p><\/p>\n\n\n\n<p class=\"has-text-align-center\"><strong>Hier geht es zum Eventkalender.<\/strong><\/p>\n\n\n\n<div class=\"wp-block-buttons is-content-justification-center is-layout-flex wp-container-core-buttons-is-layout-a89b3969 wp-block-buttons-is-layout-flex\">\n<div class=\"wp-block-button\"><a class=\"wp-block-button__link has-custom-color-2-background-color has-background wp-element-button\" href=\"https:\/\/kunited-events.com\/?post_type=tribe_events&amp;eventDisplay=month\"><strong>Eventkalender<\/strong><\/a><\/div>\n<\/div>\n\n\n\n<p><\/p>\n\n\n\n<p class=\"has-text-align-center\"><strong>Hier bekommt ihr Tickets f\u00fcr unsere Events.<\/strong><\/p>\n\n\n\n<div class=\"wp-block-buttons is-content-justification-center is-layout-flex wp-container-core-buttons-is-layout-a89b3969 wp-block-buttons-is-layout-flex\">\n<div class=\"wp-block-button\"><a class=\"wp-block-button__link has-custom-color-5-background-color has-background wp-element-button\" href=\"https:\/\/www.eventim-light.com\/de\/a\/67a5df1087e7045a46f653ca\"><strong>Eventim Shop<\/strong><\/a><\/div>\n\n\n\n<div class=\"wp-block-button\"><a class=\"wp-block-button__link has-contrast-color has-custom-color-6-background-color has-text-color has-background has-link-color wp-element-button\" href=\"https:\/\/kunited-events.com\/?post_type=product\"><strong>KuniteD Shop<\/strong><\/a><\/div>\n<\/div>\n","protected":false},"excerpt":{"rendered":"<p>Ein Fan Caf\u00e9 ist ein Treffen f\u00fcr Fans, bei uns speziell von K-Drama Fans. Jedes Event hat hierbei ein Thema, nach welchem es gestrickt ist. Auf dem K-Drama Fan Caf\u00e9 [&hellip;]<\/p>\n","protected":false},"author":1,"featured_media":0,"parent":87,"menu_order":1,"comment_status":"closed","ping_status":"closed","template":"page-no-title","meta":{"_price":"","_stock":"","_tribe_ticket_header":"","_tribe_default_ticket_provider":"","_tribe_ticket_capacity":"0","_ticket_start_date":"","_ticket_end_date":"","_tribe_ticket_show_description":"","_tribe_ticket_show_not_going":false,"_tribe_ticket_use_global_stock":"","_tribe_ticket_global_stock_level":"","_global_stock_mode":"","_global_stock_cap":"","_tribe_rsvp_for_event":"","_tribe_ticket_going_count":"","_tribe_ticket_not_going_count":"","_tribe_tickets_list":"[]","_tribe_ticket_has_attendee_info_fields":false,"_EventAllDay":false,"_EventTimezone":"","_EventStartDate":"","_EventEndDate":"","_EventStartDateUTC":"","_EventEndDateUTC":"","_EventShowMap":false,"_EventShowMapLink":false,"_EventURL":"","_EventCost":"","_EventCostDescription":"","_EventCurrencySymbol":"","_EventCurrencyCode":"","_EventCurrencyPosition":"","_EventDateTimeSeparator":"","_EventTimeRangeSeparator":"","_EventOrganizerID":[],"_EventVenueID":[],"_OrganizerEmail":"","_OrganizerPhone":"","_OrganizerWebsite":"","_VenueAddress":"","_VenueCity":"","_VenueCountry":"","_VenueProvince":"","_VenueState":"","_VenueZip":"","_VenuePhone":"","_VenueURL":"","_VenueStateProvince":"","_VenueLat":"","_VenueLng":"","_VenueShowMap":false,"_VenueShowMapLink":false,"footnotes":"","_tec_slr_enabled":"","_tec_slr_layout":""},"class_list":["post-178","page","type-page","status-publish","hentry"],"jetpack_sharing_enabled":true,"ticketed":false,"_links":{"self":[{"href":"https:\/\/kunited-events.com\/index.php?rest_route=\/wp\/v2\/pages\/178","targetHints":{"allow":["GET"]}}],"collection":[{"href":"https:\/\/kunited-events.com\/index.php?rest_route=\/wp\/v2\/pages"}],"about":[{"href":"https:\/\/kunited-events.com\/index.php?rest_route=\/wp\/v2\/types\/page"}],"author":[{"embeddable":true,"href":"https:\/\/kunited-events.com\/index.php?rest_route=\/wp\/v2\/users\/1"}],"replies":[{"embeddable":true,"href":"https:\/\/kunited-events.com\/index.php?rest_route=%2Fwp%2Fv2%2Fcomments&post=178"}],"version-history":[{"count":6,"href":"https:\/\/kunited-events.com\/index.php?rest_route=\/wp\/v2\/pages\/178\/revisions"}],"predecessor-version":[{"id":787,"href":"https:\/\/kunited-events.com\/index.php?rest_route=\/wp\/v2\/pages\/178\/revisions\/787"}],"up":[{"embeddable":true,"href":"https:\/\/kunited-events.com\/index.php?rest_route=\/wp\/v2\/pages\/87"}],"wp:attachment":[{"href":"https:\/\/kunited-events.com\/index.php?rest_route=%2Fwp%2Fv2%2Fmedia&parent=178"}],"curies":[{"name":"wp","href":"https:\/\/api.w.org\/{rel}","templated":true}]}}